{"id":1097,"date":"2017-05-31T05:05:41","date_gmt":"2017-05-31T05:05:41","guid":{"rendered":"https:\/\/goatfactorygroup.com\/om-oss\/"},"modified":"2026-02-17T20:38:12","modified_gmt":"2026-02-17T20:38:12","slug":"om-oss","status":"publish","type":"page","link":"https:\/\/goatfactorygroup.com\/sv\/om-oss\/","title":{"rendered":"Om GOAT Factory"},"content":{"rendered":"\t\t<div data-elementor-type=\"wp-post\" data-elementor-id=\"1097\" class=\"elementor elementor-1097 elementor-221\" data-elementor-post-type=\"page\">\n\t\t\t\t\t\t<section class=\"elementor-section elementor-top-section elementor-element elementor-element-fc3f4ce elementor-section-full_width elementor-section-height-default elementor-section-height-default\" data-id=\"fc3f4ce\" data-element_type=\"section\" data-e-type=\"section\" data-settings=\"{&quot;background_background&quot;:&quot;gradient&quot;}\">\n\t\t\t\t\t\t<div class=\"elementor-container elementor-column-gap-wider\">\n\t\t\t\t\t<div class=\"elementor-column elementor-col-50 elementor-top-column elementor-element elementor-element-263d0b6\" data-id=\"263d0b6\" data-element_type=\"column\" data-e-type=\"column\" data-settings=\"{&quot;background_background&quot;:&quot;classic&quot;}\">\n\t\t\t<div class=\"elementor-widget-wrap elementor-element-populated\">\n\t\t\t\t\t\t<div class=\"elementor-element elementor-element-f3eb0c5 elementor-widget elementor-widget-spacer\" data-id=\"f3eb0c5\" data-element_type=\"widget\" data-e-type=\"widget\" data-widget_type=\"spacer.default\">\n\t\t\t\t<div class=\"elementor-widget-container\">\n\t\t\t\t\t\t\t<div class=\"elementor-spacer\">\n\t\t\t<div class=\"elementor-spacer-inner\"><\/div>\n\t\t<\/div>\n\t\t\t\t\t\t<\/div>\n\t\t\t\t<\/div>\n\t\t\t\t\t<\/div>\n\t\t<\/div>\n\t\t\t\t<div class=\"elementor-column elementor-col-50 elementor-top-column elementor-element elementor-element-17d09b8\" data-id=\"17d09b8\" data-element_type=\"column\" data-e-type=\"column\" data-settings=\"{&quot;background_background&quot;:&quot;classic&quot;}\">\n\t\t\t<div class=\"elementor-widget-wrap elementor-element-populated\">\n\t\t\t\t\t\t<div class=\"elementor-element elementor-element-503d54f elementor-invisible elementor-widget elementor-widget-heading\" data-id=\"503d54f\" data-element_type=\"widget\" data-e-type=\"widget\" data-settings=\"{&quot;_animation&quot;:&quot;fadeInUp&quot;,&quot;_animation_delay&quot;:&quot;150&quot;}\" data-widget_type=\"heading.default\">\n\t\t\t\t<div class=\"elementor-widget-container\">\n\t\t\t\t\t<h1 class=\"elementor-heading-title elementor-size-default\">OM OSS<\/h1>\t\t\t\t<\/div>\n\t\t\t\t<\/div>\n\t\t\t\t<div class=\"elementor-element elementor-element-407cf68 elementor-invisible elementor-widget elementor-widget-heading\" data-id=\"407cf68\" data-element_type=\"widget\" data-e-type=\"widget\" data-settings=\"{&quot;_animation&quot;:&quot;fadeInUp&quot;,&quot;_animation_delay&quot;:&quot;150&quot;}\" data-widget_type=\"heading.default\">\n\t\t\t\t<div class=\"elementor-widget-container\">\n\t\t\t\t\t<h2 class=\"elementor-heading-title elementor-size-default\">GOAT FACTORY GROUP<\/h2>\t\t\t\t<\/div>\n\t\t\t\t<\/div>\n\t\t\t\t<div class=\"elementor-element elementor-element-03144a1 elementor-invisible elementor-widget elementor-widget-heading\" data-id=\"03144a1\" data-element_type=\"widget\" data-e-type=\"widget\" data-settings=\"{&quot;_animation&quot;:&quot;fadeInUp&quot;,&quot;_animation_delay&quot;:&quot;300&quot;}\" data-widget_type=\"heading.default\">\n\t\t\t\t<div class=\"elementor-widget-container\">\n\t\t\t\t\t<p class=\"elementor-heading-title elementor-size-default\"><p>GOAT Factory Group \u00e4r mer \u00e4n ett f\u00f6retag \u2014 det \u00e4r ett sammanh\u00e5llet ekosystem f\u00f6r h\u00e4lsa, prestation och personlig utveckling. V\u00e5r vision \u00e4r enkel men kraftfull: att g\u00f6ra v\u00e4rlden lite h\u00e4lsosammare \u2014 en m\u00e4nniska, ett team och en organisation i taget. <\/p><\/p>\t\t\t\t<\/div>\n\t\t\t\t<\/div>\n\t\t\t\t<div class=\"elementor-element elementor-element-b63cbdc elementor-invisible elementor-widget elementor-widget-heading\" data-id=\"b63cbdc\" data-element_type=\"widget\" data-e-type=\"widget\" data-settings=\"{&quot;_animation&quot;:&quot;fadeInUp&quot;,&quot;_animation_delay&quot;:&quot;300&quot;}\" data-widget_type=\"heading.default\">\n\t\t\t\t<div class=\"elementor-widget-container\">\n\t\t\t\t\t<p class=\"elementor-heading-title elementor-size-default\"><p>Vi tror att verklig f\u00f6r\u00e4ndring sker n\u00e4r kropp, sinne och vanor integreras till en h\u00e5llbar livsstil. D\u00e4rf\u00f6r har vi byggt ett ekosystem av produkter och tj\u00e4nster som g\u00f6r det m\u00f6jligt f\u00f6r m\u00e4nniskor att utvecklas \u2014 oavsett var de befinner sig p\u00e5 sin resa. <\/p><\/p>\t\t\t\t<\/div>\n\t\t\t\t<\/div>\n\t\t\t\t<div class=\"elementor-element elementor-element-1c1d15f elementor-invisible elementor-widget elementor-widget-heading\" data-id=\"1c1d15f\" data-element_type=\"widget\" data-e-type=\"widget\" data-settings=\"{&quot;_animation&quot;:&quot;fadeInUp&quot;,&quot;_animation_delay&quot;:&quot;150&quot;}\" data-widget_type=\"heading.default\">\n\t\t\t\t<div class=\"elementor-widget-container\">\n\t\t\t\t\t<h2 class=\"elementor-heading-title elementor-size-default\">V\u00e5rt ekosystem<\/h2>\t\t\t\t<\/div>\n\t\t\t\t<\/div>\n\t\t\t\t<div class=\"elementor-element elementor-element-9357ea9 elementor-invisible elementor-widget elementor-widget-heading\" data-id=\"9357ea9\" data-element_type=\"widget\" data-e-type=\"widget\" data-settings=\"{&quot;_animation&quot;:&quot;fadeInUp&quot;,&quot;_animation_delay&quot;:&quot;150&quot;}\" data-widget_type=\"heading.default\">\n\t\t\t\t<div class=\"elementor-widget-container\">\n\t\t\t\t\t<h4 class=\"elementor-heading-title elementor-size-default\">GOATNESS App \u2013 Din personliga v\u00e4gledare<\/h4>\t\t\t\t<\/div>\n\t\t\t\t<\/div>\n\t\t\t\t<div class=\"elementor-element elementor-element-bd18de3 elementor-invisible elementor-widget elementor-widget-heading\" data-id=\"bd18de3\" data-element_type=\"widget\" data-e-type=\"widget\" data-settings=\"{&quot;_animation&quot;:&quot;fadeInUp&quot;,&quot;_animation_delay&quot;:&quot;300&quot;}\" data-widget_type=\"heading.default\">\n\t\t\t\t<div class=\"elementor-widget-container\">\n\t\t\t\t\t<p class=\"elementor-heading-title elementor-size-default\"><p>GOATNESS App \u00e4r v\u00e5r konsumentprodukt och en allt-i-ett-plattform f\u00f6r tr\u00e4ning, kost, vanor och reflektion. Med allt fr\u00e5n strukturerade tr\u00e4ningsprogram och kunskapsinneh\u00e5ll till uppf\u00f6ljning av vanor och utveckling, blir appen ett verktyg f\u00f6r l\u00e5ngsiktig h\u00e4lsa och personlig tillv\u00e4xt. Appen \u00e4r framtagen f\u00f6r att vara enkel att anv\u00e4nda, men tillr\u00e4ckligt kraftfull f\u00f6r att skapa verklig f\u00f6r\u00e4ndring \u00f6ver tid.  <\/p><\/p>\t\t\t\t<\/div>\n\t\t\t\t<\/div>\n\t\t\t\t<div class=\"elementor-element elementor-element-4b57dbe elementor-invisible elementor-widget elementor-widget-heading\" data-id=\"4b57dbe\" data-element_type=\"widget\" data-e-type=\"widget\" data-settings=\"{&quot;_animation&quot;:&quot;fadeInUp&quot;,&quot;_animation_delay&quot;:&quot;150&quot;}\" data-widget_type=\"heading.default\">\n\t\t\t\t<div class=\"elementor-widget-container\">\n\t\t\t\t\t<h4 class=\"elementor-heading-title elementor-size-default\">GOATNESS Software \u2013 Skapa v\u00e4rde f\u00f6r andra<\/h4>\t\t\t\t<\/div>\n\t\t\t\t<\/div>\n\t\t\t\t<div class=\"elementor-element elementor-element-ae071cd elementor-invisible elementor-widget elementor-widget-heading\" data-id=\"ae071cd\" data-element_type=\"widget\" data-e-type=\"widget\" data-settings=\"{&quot;_animation&quot;:&quot;fadeInUp&quot;,&quot;_animation_delay&quot;:&quot;300&quot;}\" data-widget_type=\"heading.default\">\n\t\t\t\t<div class=\"elementor-widget-container\">\n\t\t\t\t\t<p class=\"elementor-heading-title elementor-size-default\"><p>GOATNESS Software \u00e4r v\u00e5r SaaS-plattform f\u00f6r coacher, f\u00f6retag, klubbar och organisationer. H\u00e4r kan v\u00e5ra partners sj\u00e4lva forma sitt inneh\u00e5ll, skapa egna program och anv\u00e4nda plattformens verktyg f\u00f6r att coacha, engagera och f\u00f6lja upp sina anv\u00e4ndare \u2014 oavsett om det g\u00e4ller klienter, medarbetare eller medlemmar. Plattformen g\u00f6r det m\u00f6jligt att skala kunskap, struktur och kvalitet i h\u00e4lso- och prestationsarbete.  <\/p><\/p>\t\t\t\t<\/div>\n\t\t\t\t<\/div>\n\t\t\t\t<div class=\"elementor-element elementor-element-9ece2ea elementor-invisible elementor-widget elementor-widget-heading\" data-id=\"9ece2ea\" data-element_type=\"widget\" data-e-type=\"widget\" data-settings=\"{&quot;_animation&quot;:&quot;fadeInUp&quot;,&quot;_animation_delay&quot;:&quot;150&quot;}\" data-widget_type=\"heading.default\">\n\t\t\t\t<div class=\"elementor-widget-container\">\n\t\t\t\t\t<h4 class=\"elementor-heading-title elementor-size-default\">GOAT Sports Clinic \u2013 Personlig fysisk utveckling<\/h4>\t\t\t\t<\/div>\n\t\t\t\t<\/div>\n\t\t\t\t<div class=\"elementor-element elementor-element-1fd144d elementor-invisible elementor-widget elementor-widget-heading\" data-id=\"1fd144d\" data-element_type=\"widget\" data-e-type=\"widget\" data-settings=\"{&quot;_animation&quot;:&quot;fadeInUp&quot;,&quot;_animation_delay&quot;:&quot;300&quot;}\" data-widget_type=\"heading.default\">\n\t\t\t\t<div class=\"elementor-widget-container\">\n\t\t\t\t\t<p class=\"elementor-heading-title elementor-size-default\"><p>GOAT Sports Clinic \u00e4r v\u00e5r fysiska verksamhet med fokus p\u00e5 screeningar, personlig coachning, grupptr\u00e4ning, rehab och prehab samt performance coaching. Vi arbetar med allt fr\u00e5n motion\u00e4rer till elitidrottare och hj\u00e4lper m\u00e4nniskor att bygga en stark, h\u00e5llbar och funktionell kropp \u2014 b\u00e5de f\u00f6r vardag och prestation. <\/p><\/p>\t\t\t\t<\/div>\n\t\t\t\t<\/div>\n\t\t\t\t<div class=\"elementor-element elementor-element-68dffad elementor-invisible elementor-widget elementor-widget-heading\" data-id=\"68dffad\" data-element_type=\"widget\" data-e-type=\"widget\" data-settings=\"{&quot;_animation&quot;:&quot;fadeInUp&quot;,&quot;_animation_delay&quot;:&quot;150&quot;}\" data-widget_type=\"heading.default\">\n\t\t\t\t<div class=\"elementor-widget-container\">\n\t\t\t\t\t<h4 class=\"elementor-heading-title elementor-size-default\">GOAT Charity \u2013 H\u00e4lsa med hj\u00e4rta<\/h4>\t\t\t\t<\/div>\n\t\t\t\t<\/div>\n\t\t\t\t<div class=\"elementor-element elementor-element-dddabb9 elementor-invisible elementor-widget elementor-widget-heading\" data-id=\"dddabb9\" data-element_type=\"widget\" data-e-type=\"widget\" data-settings=\"{&quot;_animation&quot;:&quot;fadeInUp&quot;,&quot;_animation_delay&quot;:&quot;300&quot;}\" data-widget_type=\"heading.default\">\n\t\t\t\t<div class=\"elementor-widget-container\">\n\t\t\t\t\t<p class=\"elementor-heading-title elementor-size-default\"><p>GOAT Charity \u00e4r v\u00e5rt hj\u00e4rteprojekt och en naturlig del av v\u00e5r mission. Genom olika initiativ och samarbeten arbetar vi f\u00f6r att hj\u00e4lpa m\u00e4nniskor till b\u00e4ttre h\u00e4lsa och \u00f6kad livskvalitet. V\u00e5rt m\u00e5l \u00e4r att bidra d\u00e4r vi kan g\u00f6ra verklig skillnad, med h\u00e4lsa som v\u00e5rt fr\u00e4msta verktyg.  <\/p><\/p>\t\t\t\t<\/div>\n\t\t\t\t<\/div>\n\t\t\t\t<div class=\"elementor-element elementor-element-c12e025 elementor-invisible elementor-widget elementor-widget-heading\" data-id=\"c12e025\" data-element_type=\"widget\" data-e-type=\"widget\" data-settings=\"{&quot;_animation&quot;:&quot;fadeInUp&quot;,&quot;_animation_delay&quot;:&quot;150&quot;}\" data-widget_type=\"heading.default\">\n\t\t\t\t<div class=\"elementor-widget-container\">\n\t\t\t\t\t<h1 class=\"elementor-heading-title elementor-size-default\">V\u00e5rt Why<\/h1>\t\t\t\t<\/div>\n\t\t\t\t<\/div>\n\t\t\t\t<div class=\"elementor-element elementor-element-2cd02fb elementor-invisible elementor-widget elementor-widget-heading\" data-id=\"2cd02fb\" data-element_type=\"widget\" data-e-type=\"widget\" data-settings=\"{&quot;_animation&quot;:&quot;fadeInUp&quot;,&quot;_animation_delay&quot;:&quot;300&quot;}\" data-widget_type=\"heading.default\">\n\t\t\t\t<div class=\"elementor-widget-container\">\n\t\t\t\t\t<p class=\"elementor-heading-title elementor-size-default\"><p>Vi \u00e4r inte bara en plattform \u2014 vi bygger en r\u00f6relse f\u00f6r h\u00e5llbar h\u00e4lsa och m\u00e4nsklig utveckling.<\/p>\n<p>\n  <strong>Vi vill:<\/strong>\n  <\/p><ul>\n    <li><em>Inspirera m\u00e4nniskor att ta \u00e4garskap \u00f6ver sin egen h\u00e4lsa<\/em><\/li>\n    <li><em>Kombinera tr\u00e4ning, kunskap och reflektion i en sammanh\u00e4ngande helhetsl\u00f6sning<\/em><\/li>\n    <li><em>Ge individer och organisationer verktyg f\u00f6r l\u00e5ngsiktig f\u00f6r\u00e4ndring<br><\/em><\/li>\n    <li><em>Skapa h\u00e5llbara vanor som h\u00e5ller \u00f6ver tid<\/em><\/li>\n    <li><em>G\u00f6ra professionell tr\u00e4ning och h\u00e4lsa tillg\u00e4ngligt f\u00f6r alla, oavsett bakgrund eller ekonomi \u2014 bland annat genom en prisbild som i m\u00e5nga marknader ligger mellan cirka 1 och 7 euro per m\u00e5nad<\/em><\/li> <\/ul>\n\n<p>Vi tror p\u00e5 att alla kan utvecklas, prestera och m\u00e5 b\u00e4ttre \u2014 och att r\u00e4tt struktur, r\u00e4tt verktyg och r\u00e4tt st\u00f6d kan g\u00f6ra den resan b\u00e5de tydligare och mer tillg\u00e4nglig.<\/p>\n<\/p>\t\t\t\t<\/div>\n\t\t\t\t<\/div>\n\t\t\t\t\t<\/div>\n\t\t<\/div>\n\t\t\t\t\t<\/div>\n\t\t<\/section>\n\t\t\t\t<section class=\"elementor-section elementor-top-section elementor-element elementor-element-qgk6sn0 elementor-section-boxed elementor-section-height-default elementor-section-height-default\" data-id=\"qgk6sn0\" data-element_type=\"section\" data-e-type=\"section\">\n\t\t\t\t\t\t<div class=\"elementor-container elementor-column-gap-default\">\n\t\t\t\t\t<div class=\"elementor-column elementor-col-100 elementor-top-column elementor-element elementor-element-uaw4tj7\" data-id=\"uaw4tj7\" data-element_type=\"column\" data-e-type=\"column\">\n\t\t\t<div class=\"elementor-widget-wrap elementor-element-populated\">\n\t\t\t\t\t\t<div class=\"elementor-element elementor-element-l1yaoi4 elementor-view-default elementor-position-top elementor-invisible elementor-widget elementor-widget-themo-header\" data-id=\"l1yaoi4\" data-element_type=\"widget\" data-e-type=\"widget\" data-settings=\"{&quot;_animation&quot;:&quot;fadeInUp&quot;}\" data-widget_type=\"themo-header.default\">\n\t\t\t\t<div class=\"elementor-widget-container\">\n\t\t\t\t\t\t\t<div class=\"th-header-wrap\">\n        <div class=\"elementor-icon-box-wrapper \">\n                            <div class=\"elementor-icon-box-content\">\n                    <h2 class=\"elementor-icon-box-title\">\n                        Kontakta Oss                    <\/h2>\n                                        <p class=\"elementor-icon-box-description\">Om du har n\u00e5gra fr\u00e5gor eller generella \u00e4renden tveka inte att kontakta oss.<\/p>\n\n                                    <\/div>\n            <\/div>\n\n        <\/div>\n\n\t\t\t\t\t\t<\/div>\n\t\t\t\t<\/div>\n\t\t\t\t\t<\/div>\n\t\t<\/div>\n\t\t\t\t\t<\/div>\n\t\t<\/section>\n\t\t\t\t<section class=\"elementor-section elementor-top-section elementor-element elementor-element-o7twky5 elementor-section-boxed elementor-section-height-default elementor-section-height-default\" data-id=\"o7twky5\" data-element_type=\"section\" data-e-type=\"section\">\n\t\t\t\t\t\t<div class=\"elementor-container elementor-column-gap-extended\">\n\t\t\t\t\t<div class=\"elementor-column elementor-col-100 elementor-top-column elementor-element elementor-element-mfjhgsy\" data-id=\"mfjhgsy\" data-element_type=\"column\" data-e-type=\"column\">\n\t\t\t<div class=\"elementor-widget-wrap elementor-element-populated\">\n\t\t\t\t\t\t<div class=\"elementor-element elementor-element-3luh5i2 elementor-widget elementor-widget-themo-formidable-form\" data-id=\"3luh5i2\" data-element_type=\"widget\" data-e-type=\"widget\" data-widget_type=\"themo-formidable-form.default\">\n\t\t\t\t<div class=\"elementor-widget-container\">\n\t\t\t\t\t            <div class=\"th-fo-form  th-form-default  th-btn-form btn-standard-primary-form\"><div class=\"frm_forms  with_frm_style frm_style_formidable-style\" id=\"frm_form_3_container\" >\n<form enctype=\"multipart\/form-data\" method=\"post\" class=\"frm-show-form  frm_pro_form \" id=\"form_goat-contact-us\" >\n<div class=\"frm_form_fields \">\n<fieldset>\n\r\n<div class=\"frm_fields_container\">\n<input type=\"hidden\" name=\"frm_action\" value=\"create\" \/>\n<input type=\"hidden\" name=\"form_id\" value=\"3\" \/>\n<input type=\"hidden\" name=\"frm_hide_fields_3\" id=\"frm_hide_fields_3\" value=\"\" \/>\n<input type=\"hidden\" name=\"form_key\" value=\"goat-contact-us\" \/>\n<input type=\"hidden\" name=\"item_meta[0]\" value=\"\" \/>\n<input type=\"hidden\" id=\"frm_submit_entry_3\" name=\"frm_submit_entry_3\" value=\"4dbaccccae\" \/><input type=\"hidden\" name=\"_wp_http_referer\" value=\"\/sv\/wp-json\/wp\/v2\/pages\/1097\" \/><div id=\"frm_field_9_container\" class=\"frm_form_field form-field  frm_required_field frm_none_container frm_full\">\r\n    <label for=\"field_xipbjr3\" class=\"frm_primary_label\">Namn\r\n        <span class=\"frm_required\">*<\/span>\r\n    <\/label>\r\n    <input  type=\"text\" id=\"field_xipbjr3\" name=\"item_meta[9]\" value=\"\"  placeholder=\"Namn\" data-reqmsg=\"F\u00e4ltet \u00e4r obligatoriskt.\" aria-required=\"true\" data-invmsg=\"Namn \u00e4r felaktig\" aria-invalid=\"false\"   \/>\r\n    \r\n    \r\n<\/div>\n<div id=\"frm_field_10_container\" class=\"frm_form_field form-field  frm_required_field frm_none_container frm_full\">\r\n    <label for=\"field_jaehy83\" class=\"frm_primary_label\">E-post\r\n        <span class=\"frm_required\">*<\/span>\r\n    <\/label>\r\n    <input  type=\"text\" id=\"field_jaehy83\" name=\"item_meta[10]\" value=\"\"  placeholder=\"E-post\" data-reqmsg=\"F\u00e4ltet \u00e4r obligatoriskt.\" aria-required=\"true\" data-invmsg=\"E-post \u00e4r felaktig\" aria-invalid=\"false\"   \/>\r\n    \r\n    \r\n<\/div>\n<div id=\"frm_field_11_container\" class=\"frm_form_field form-field  frm_none_container frm_full\">\r\n    <label for=\"field_cqpguu3\" class=\"frm_primary_label\">Telefon\r\n        <span class=\"frm_required\"><\/span>\r\n    <\/label>\r\n    <input  type=\"text\" id=\"field_cqpguu3\" name=\"item_meta[11]\" value=\"\"  placeholder=\"Telefon\" data-invmsg=\"Telefon \u00e4r felaktig\" aria-invalid=\"false\"   \/>\r\n    \r\n    \r\n<\/div>\n<div id=\"frm_field_13_container\" class=\"frm_form_field form-field  frm_required_field frm_none_container frm_full\">\r\n    <label for=\"field_kggkvh3\" class=\"frm_primary_label\">Meddelande\r\n        <span class=\"frm_required\">*<\/span>\r\n    <\/label>\r\n    <textarea name=\"item_meta[13]\" id=\"field_kggkvh3\" rows=\"5\"  placeholder=\"Meddelande\" data-reqmsg=\"F\u00e4ltet \u00e4r obligatoriskt.\" aria-required=\"true\" data-invmsg=\"Meddelande \u00e4r felaktig\" aria-invalid=\"false\"  ><\/textarea>\r\n    \r\n    \r\n<\/div>\n<div id=\"frm_field_83_container\" class=\"frm_form_field form-field \">\r\n\t<div class=\"frm_submit\">\r\n\r\n<input type=\"submit\" value=\"Skicka\"  class=\"frm_final_submit\" \/>\r\n<img decoding=\"async\" class=\"frm_ajax_loading\" src=\"https:\/\/goatfactorygroup.com\/wp-content\/plugins\/formidable\/images\/ajax_loader.gif\" alt=\"Sending\" style=\"visibility:hidden;\" \/>\r\n\r\n<\/div>\r\n<\/div>\n\t<input type=\"hidden\" name=\"item_key\" value=\"\" \/>\n\t\t\t<div id=\"frm_field_122_container\">\n\t\t\t<label for=\"field_sedjw\" >\n\t\t\t\tOm du \u00e4r m\u00e4nsklig, l\u00e4mna det h\u00e4r f\u00e4ltet tomt.\t\t\t<\/label>\n\t\t\t<input  id=\"field_sedjw\" type=\"text\" class=\"frm_form_field form-field frm_verify\" name=\"item_meta[122]\" value=\"\"  \/>\n\t\t<\/div>\n\t\t<input name=\"frm_state\" type=\"hidden\" value=\"nuafqePy5k2CJwIGMqAlk7KTm73Uw6EZAoo8XJiaZvNUF4yqe7sDs3YCrCoVlSdg\" \/><\/div>\n<\/fieldset>\n<\/div>\n\n<\/form>\n<\/div>\n<\/div>\n            \t\t\t\t<\/div>\n\t\t\t\t<\/div>\n\t\t\t\t\t<\/div>\n\t\t<\/div>\n\t\t\t\t\t<\/div>\n\t\t<\/section>\n\t\t\t\t<\/div>\n\t\t","protected":false},"excerpt":{"rendered":"<p>OM OSS GOAT FACTORY GROUP GOAT Factory Group \u00e4r mer \u00e4n ett f\u00f6retag \u2014 det \u00e4r ett sammanh\u00e5llet ekosystem f\u00f6r h\u00e4lsa, prestation och personlig utveckling. V\u00e5r vision \u00e4r enkel men kraftfull: att g\u00f6ra v\u00e4rlden lite h\u00e4lsosammare \u2014 en m\u00e4nniska, ett &hellip; <a href=\"https:\/\/goatfactorygroup.com\/sv\/om-oss\/\">Read More<\/a><\/p>\n","protected":false},"author":1,"featured_media":1342,"parent":0,"menu_order":2,"comment_status":"closed","ping_status":"closed","template":"","meta":{"_monsterinsights_skip_tracking":false,"_monsterinsights_sitenote_active":false,"_monsterinsights_sitenote_note":"","_monsterinsights_sitenote_category":0,"footnotes":""},"class_list":["post-1097","page","type-page","status-publish","has-post-thumbnail","hentry"],"_links":{"self":[{"href":"https:\/\/goatfactorygroup.com\/sv\/wp-json\/wp\/v2\/pages\/1097","targetHints":{"allow":["GET"]}}],"collection":[{"href":"https:\/\/goatfactorygroup.com\/sv\/wp-json\/wp\/v2\/pages"}],"about":[{"href":"https:\/\/goatfactorygroup.com\/sv\/wp-json\/wp\/v2\/types\/page"}],"author":[{"embeddable":true,"href":"https:\/\/goatfactorygroup.com\/sv\/wp-json\/wp\/v2\/users\/1"}],"replies":[{"embeddable":true,"href":"https:\/\/goatfactorygroup.com\/sv\/wp-json\/wp\/v2\/comments?post=1097"}],"version-history":[{"count":66,"href":"https:\/\/goatfactorygroup.com\/sv\/wp-json\/wp\/v2\/pages\/1097\/revisions"}],"predecessor-version":[{"id":12312,"href":"https:\/\/goatfactorygroup.com\/sv\/wp-json\/wp\/v2\/pages\/1097\/revisions\/12312"}],"wp:featuredmedia":[{"embeddable":true,"href":"https:\/\/goatfactorygroup.com\/sv\/wp-json\/wp\/v2\/media\/1342"}],"wp:attachment":[{"href":"https:\/\/goatfactorygroup.com\/sv\/wp-json\/wp\/v2\/media?parent=1097"}],"curies":[{"name":"wp","href":"https:\/\/api.w.org\/{rel}","templated":true}]}}