{"id":12073,"date":"2025-12-17T09:36:20","date_gmt":"2025-12-17T09:36:20","guid":{"rendered":"https:\/\/goatfactorygroup.com\/hem-ny\/"},"modified":"2026-04-21T11:43:41","modified_gmt":"2026-04-21T11:43:41","slug":"hem","status":"publish","type":"page","link":"https:\/\/goatfactorygroup.com\/sv\/","title":{"rendered":"Startsida"},"content":{"rendered":"\t\t<div data-elementor-type=\"wp-post\" data-elementor-id=\"12073\" class=\"elementor elementor-12073 elementor-12048\" data-elementor-post-type=\"page\">\n\t\t\t\t\t\t<section class=\"elementor-section elementor-top-section elementor-element elementor-element-7ee19d6 elementor-section-full_width elementor-section-items-stretch elementor-section-height-min-height elementor-section-height-default\" data-id=\"7ee19d6\" data-element_type=\"section\" data-e-type=\"section\" data-settings=\"{&quot;background_background&quot;:&quot;gradient&quot;}\">\n\t\t\t\t\t\t<div class=\"elementor-container elementor-column-gap-wider\">\n\t\t\t\t\t<div class=\"elementor-column elementor-col-25 elementor-top-column elementor-element elementor-element-b0c74c7\" data-id=\"b0c74c7\" data-element_type=\"column\" data-e-type=\"column\" data-settings=\"{&quot;background_background&quot;:&quot;gradient&quot;}\">\n\t\t\t<div class=\"elementor-widget-wrap elementor-element-populated\">\n\t\t\t\t\t\t<div class=\"elementor-element elementor-element-8744e3a elementor-widget elementor-widget-image\" data-id=\"8744e3a\" data-element_type=\"widget\" data-e-type=\"widget\" data-widget_type=\"image.default\">\n\t\t\t\t<div class=\"elementor-widget-container\">\n\t\t\t\t\t\t\t\t\t\t\t\t\t\t\t<img fetchpriority=\"high\" decoding=\"async\" width=\"1427\" height=\"1200\" src=\"https:\/\/goatfactorygroup.com\/wp-content\/uploads\/GOATNESS-software-vertikal-white-1200px-unified-crop.png\" class=\"attachment-full size-full wp-image-12401\" alt=\"\" srcset=\"https:\/\/goatfactorygroup.com\/wp-content\/uploads\/GOATNESS-software-vertikal-white-1200px-unified-crop.png 1427w, https:\/\/goatfactorygroup.com\/wp-content\/uploads\/GOATNESS-software-vertikal-white-1200px-unified-crop-300x252.png 300w, https:\/\/goatfactorygroup.com\/wp-content\/uploads\/GOATNESS-software-vertikal-white-1200px-unified-crop-1024x861.png 1024w, https:\/\/goatfactorygroup.com\/wp-content\/uploads\/GOATNESS-software-vertikal-white-1200px-unified-crop-768x646.png 768w, https:\/\/goatfactorygroup.com\/wp-content\/uploads\/GOATNESS-software-vertikal-white-1200px-unified-crop-89x75.png 89w, https:\/\/goatfactorygroup.com\/wp-content\/uploads\/GOATNESS-software-vertikal-white-1200px-unified-crop-95x80.png 95w, https:\/\/goatfactorygroup.com\/wp-content\/uploads\/GOATNESS-software-vertikal-white-1200px-unified-crop-360x303.png 360w, https:\/\/goatfactorygroup.com\/wp-content\/uploads\/GOATNESS-software-vertikal-white-1200px-unified-crop-832x700.png 832w, https:\/\/goatfactorygroup.com\/wp-content\/uploads\/GOATNESS-software-vertikal-white-1200px-unified-crop-1130x950.png 1130w, https:\/\/goatfactorygroup.com\/wp-content\/uploads\/GOATNESS-software-vertikal-white-1200px-unified-crop-1284x1080.png 1284w\" sizes=\"(max-width: 1427px) 100vw, 1427px\" \/>\t\t\t\t\t\t\t\t\t\t\t\t\t\t\t<\/div>\n\t\t\t\t<\/div>\n\t\t\t\t<section class=\"elementor-section elementor-inner-section elementor-element elementor-element-eb60c34 elementor-section-full_width elementor-section-height-min-height elementor-section-height-default\" data-id=\"eb60c34\" data-element_type=\"section\" data-e-type=\"section\">\n\t\t\t\t\t\t<div class=\"elementor-container elementor-column-gap-default\">\n\t\t\t\t\t<div class=\"elementor-column elementor-col-100 elementor-inner-column elementor-element elementor-element-cfd5751\" data-id=\"cfd5751\" data-element_type=\"column\" data-e-type=\"column\">\n\t\t\t<div class=\"elementor-widget-wrap elementor-element-populated\">\n\t\t\t\t\t\t<div class=\"elementor-element elementor-element-963ee58 elementor-view-default elementor-position-top elementor-invisible elementor-widget elementor-widget-themo-header\" data-id=\"963ee58\" data-element_type=\"widget\" data-e-type=\"widget\" data-settings=\"{&quot;_animation&quot;:&quot;fadeInUp&quot;}\" data-widget_type=\"themo-header.default\">\n\t\t\t\t<div class=\"elementor-widget-container\">\n\t\t\t\t\t\t\t<div class=\"th-header-wrap\">\n        <div class=\"elementor-icon-box-wrapper \">\n                            <div class=\"elementor-icon-box-content\">\n                    <h2 class=\"elementor-icon-box-title\">\n                        GOATNESS Software                    <\/h2>\n                                        <p class=\"elementor-icon-box-description\">GOATNESS Software ger dig allt du beh\u00f6ver f\u00f6r att lyckas - oavsett om du formar kulturen p\u00e5 arbetsplatsen, coachar kunder eller utvecklar medlemmar inom en klubb eller en f\u00f6rening.<\/p>\n\n                                    <\/div>\n            <\/div>\n\n        <\/div>\n\n\t\t\t\t\t\t<\/div>\n\t\t\t\t<\/div>\n\t\t\t\t\t<\/div>\n\t\t<\/div>\n\t\t\t\t\t<\/div>\n\t\t<\/section>\n\t\t\t\t<div class=\"elementor-element elementor-element-c12265c th-btn-align-left th-btn-align-mobile-center elementor-widget elementor-widget-themo-button\" data-id=\"c12265c\" data-element_type=\"widget\" data-e-type=\"widget\" data-widget_type=\"themo-button.default\">\n\t\t\t\t<div class=\"elementor-widget-container\">\n\t\t\t\t\t\n                \t\t\t<a class=\"btn-1 btn th-btn btn-standard-accent\" href=\"https:\/\/goatness.software\/sv\/\">\n\t\t\t\t\t\t\t\t\tL\u00e4s mer\t\t\t\t\t\t\t<\/a>\n\t\t\n        \n\t\t\t\t\t\t<\/div>\n\t\t\t\t<\/div>\n\t\t\t\t\t<\/div>\n\t\t<\/div>\n\t\t\t\t<div class=\"elementor-column elementor-col-25 elementor-top-column elementor-element elementor-element-ad6b6fe\" data-id=\"ad6b6fe\" data-element_type=\"column\" data-e-type=\"column\" data-settings=\"{&quot;background_background&quot;:&quot;gradient&quot;}\">\n\t\t\t<div class=\"elementor-widget-wrap elementor-element-populated\">\n\t\t\t\t\t\t<div class=\"elementor-element elementor-element-1344652 elementor-widget elementor-widget-image\" data-id=\"1344652\" data-element_type=\"widget\" data-e-type=\"widget\" data-widget_type=\"image.default\">\n\t\t\t\t<div class=\"elementor-widget-container\">\n\t\t\t\t\t\t\t\t\t\t\t\t\t\t\t<img decoding=\"async\" width=\"1427\" height=\"1200\" src=\"https:\/\/goatfactorygroup.com\/wp-content\/uploads\/GFG-GOATNESS-APP-vertikal-blue1200px-unified-crop.png\" class=\"attachment-full size-full wp-image-12395\" alt=\"\" srcset=\"https:\/\/goatfactorygroup.com\/wp-content\/uploads\/GFG-GOATNESS-APP-vertikal-blue1200px-unified-crop.png 1427w, https:\/\/goatfactorygroup.com\/wp-content\/uploads\/GFG-GOATNESS-APP-vertikal-blue1200px-unified-crop-300x252.png 300w, https:\/\/goatfactorygroup.com\/wp-content\/uploads\/GFG-GOATNESS-APP-vertikal-blue1200px-unified-crop-1024x861.png 1024w, https:\/\/goatfactorygroup.com\/wp-content\/uploads\/GFG-GOATNESS-APP-vertikal-blue1200px-unified-crop-768x646.png 768w, https:\/\/goatfactorygroup.com\/wp-content\/uploads\/GFG-GOATNESS-APP-vertikal-blue1200px-unified-crop-89x75.png 89w, https:\/\/goatfactorygroup.com\/wp-content\/uploads\/GFG-GOATNESS-APP-vertikal-blue1200px-unified-crop-95x80.png 95w, https:\/\/goatfactorygroup.com\/wp-content\/uploads\/GFG-GOATNESS-APP-vertikal-blue1200px-unified-crop-360x303.png 360w, https:\/\/goatfactorygroup.com\/wp-content\/uploads\/GFG-GOATNESS-APP-vertikal-blue1200px-unified-crop-832x700.png 832w, https:\/\/goatfactorygroup.com\/wp-content\/uploads\/GFG-GOATNESS-APP-vertikal-blue1200px-unified-crop-1130x950.png 1130w, https:\/\/goatfactorygroup.com\/wp-content\/uploads\/GFG-GOATNESS-APP-vertikal-blue1200px-unified-crop-1284x1080.png 1284w\" sizes=\"(max-width: 1427px) 100vw, 1427px\" \/>\t\t\t\t\t\t\t\t\t\t\t\t\t\t\t<\/div>\n\t\t\t\t<\/div>\n\t\t\t\t<section class=\"elementor-section elementor-inner-section elementor-element elementor-element-ed12a21 elementor-section-full_width elementor-section-height-min-height elementor-section-height-default\" data-id=\"ed12a21\" data-element_type=\"section\" data-e-type=\"section\">\n\t\t\t\t\t\t<div class=\"elementor-container elementor-column-gap-default\">\n\t\t\t\t\t<div class=\"elementor-column elementor-col-100 elementor-inner-column elementor-element elementor-element-6854fc6\" data-id=\"6854fc6\" data-element_type=\"column\" data-e-type=\"column\">\n\t\t\t<div class=\"elementor-widget-wrap elementor-element-populated\">\n\t\t\t\t\t\t<div class=\"elementor-element elementor-element-a58af94 elementor-view-default elementor-position-top elementor-invisible elementor-widget elementor-widget-themo-header\" data-id=\"a58af94\" data-element_type=\"widget\" data-e-type=\"widget\" data-settings=\"{&quot;_animation&quot;:&quot;fadeInUp&quot;}\" data-widget_type=\"themo-header.default\">\n\t\t\t\t<div class=\"elementor-widget-container\">\n\t\t\t\t\t\t\t<div class=\"th-header-wrap\">\n        <div class=\"elementor-icon-box-wrapper \">\n                            <div class=\"elementor-icon-box-content\">\n                    <h2 class=\"elementor-icon-box-title\">\n                        GOATNESS Appen                    <\/h2>\n                                        <p class=\"elementor-icon-box-description\">\u00c4r du redo att ta din h\u00e4lsa och personliga utveckling till n\u00e4sta niv\u00e5? Med GOATNESS-appen f\u00e5r du alla verktyg du beh\u00f6ver f\u00f6r att p\u00e5b\u00f6rja din resa mot att bli den starkaste, h\u00e4lsosammaste versionen av dig sj\u00e4lv. <\/p>\n\n                                    <\/div>\n            <\/div>\n\n        <\/div>\n\n\t\t\t\t\t\t<\/div>\n\t\t\t\t<\/div>\n\t\t\t\t\t<\/div>\n\t\t<\/div>\n\t\t\t\t\t<\/div>\n\t\t<\/section>\n\t\t\t\t<div class=\"elementor-element elementor-element-5610a6a th-btn-align-left th-btn-align-mobile-center elementor-widget elementor-widget-themo-button\" data-id=\"5610a6a\" data-element_type=\"widget\" data-e-type=\"widget\" data-widget_type=\"themo-button.default\">\n\t\t\t\t<div class=\"elementor-widget-container\">\n\t\t\t\t\t\n                \t\t\t<a class=\"btn-1 btn th-btn btn-standard-primary\" href=\"https:\/\/goatness.app\/sv\/\">\n\t\t\t\t\t\t\t\t\tL\u00e4s mer\t\t\t\t\t\t\t<\/a>\n\t\t\n        \n\t\t\t\t\t\t<\/div>\n\t\t\t\t<\/div>\n\t\t\t\t\t<\/div>\n\t\t<\/div>\n\t\t\t\t<div class=\"elementor-column elementor-col-25 elementor-top-column elementor-element elementor-element-8d00b59\" data-id=\"8d00b59\" data-element_type=\"column\" data-e-type=\"column\" data-settings=\"{&quot;background_background&quot;:&quot;gradient&quot;}\">\n\t\t\t<div class=\"elementor-widget-wrap elementor-element-populated\">\n\t\t\t\t\t\t<div class=\"elementor-element elementor-element-bfcf2d9 elementor-widget elementor-widget-image\" data-id=\"bfcf2d9\" data-element_type=\"widget\" data-e-type=\"widget\" data-widget_type=\"image.default\">\n\t\t\t\t<div class=\"elementor-widget-container\">\n\t\t\t\t\t\t\t\t\t\t\t\t\t\t\t<img decoding=\"async\" width=\"1427\" height=\"1200\" src=\"https:\/\/goatfactorygroup.com\/wp-content\/uploads\/GOAT-SPORTS-CLINIC-Vertikal-White-1200px-unified-crop.png\" class=\"attachment-full size-full wp-image-12397\" alt=\"\" srcset=\"https:\/\/goatfactorygroup.com\/wp-content\/uploads\/GOAT-SPORTS-CLINIC-Vertikal-White-1200px-unified-crop.png 1427w, https:\/\/goatfactorygroup.com\/wp-content\/uploads\/GOAT-SPORTS-CLINIC-Vertikal-White-1200px-unified-crop-300x252.png 300w, https:\/\/goatfactorygroup.com\/wp-content\/uploads\/GOAT-SPORTS-CLINIC-Vertikal-White-1200px-unified-crop-1024x861.png 1024w, https:\/\/goatfactorygroup.com\/wp-content\/uploads\/GOAT-SPORTS-CLINIC-Vertikal-White-1200px-unified-crop-768x646.png 768w, https:\/\/goatfactorygroup.com\/wp-content\/uploads\/GOAT-SPORTS-CLINIC-Vertikal-White-1200px-unified-crop-89x75.png 89w, https:\/\/goatfactorygroup.com\/wp-content\/uploads\/GOAT-SPORTS-CLINIC-Vertikal-White-1200px-unified-crop-95x80.png 95w, https:\/\/goatfactorygroup.com\/wp-content\/uploads\/GOAT-SPORTS-CLINIC-Vertikal-White-1200px-unified-crop-360x303.png 360w, https:\/\/goatfactorygroup.com\/wp-content\/uploads\/GOAT-SPORTS-CLINIC-Vertikal-White-1200px-unified-crop-832x700.png 832w, https:\/\/goatfactorygroup.com\/wp-content\/uploads\/GOAT-SPORTS-CLINIC-Vertikal-White-1200px-unified-crop-1130x950.png 1130w, https:\/\/goatfactorygroup.com\/wp-content\/uploads\/GOAT-SPORTS-CLINIC-Vertikal-White-1200px-unified-crop-1284x1080.png 1284w\" sizes=\"(max-width: 1427px) 100vw, 1427px\" \/>\t\t\t\t\t\t\t\t\t\t\t\t\t\t\t<\/div>\n\t\t\t\t<\/div>\n\t\t\t\t<section class=\"elementor-section elementor-inner-section elementor-element elementor-element-a08fd9c elementor-section-full_width elementor-section-height-min-height elementor-section-height-default\" data-id=\"a08fd9c\" data-element_type=\"section\" data-e-type=\"section\">\n\t\t\t\t\t\t<div class=\"elementor-container elementor-column-gap-default\">\n\t\t\t\t\t<div class=\"elementor-column elementor-col-100 elementor-inner-column elementor-element elementor-element-fa13b6a\" data-id=\"fa13b6a\" data-element_type=\"column\" data-e-type=\"column\">\n\t\t\t<div class=\"elementor-widget-wrap elementor-element-populated\">\n\t\t\t\t\t\t<div class=\"elementor-element elementor-element-894d9ee elementor-view-default elementor-position-top elementor-invisible elementor-widget elementor-widget-themo-header\" data-id=\"894d9ee\" data-element_type=\"widget\" data-e-type=\"widget\" data-settings=\"{&quot;_animation&quot;:&quot;fadeInUp&quot;}\" data-widget_type=\"themo-header.default\">\n\t\t\t\t<div class=\"elementor-widget-container\">\n\t\t\t\t\t\t\t<div class=\"th-header-wrap\">\n        <div class=\"elementor-icon-box-wrapper \">\n                            <div class=\"elementor-icon-box-content\">\n                    <h2 class=\"elementor-icon-box-title\">\n                        GOAT Sports Clinic                    <\/h2>\n                                        <p class=\"elementor-icon-box-description\">GOAT Sports Clinic hj\u00e4lper m\u00e4nniskor att bli starkare och friskare genom personlig coachning, screeningar och skr\u00e4ddarsydda tr\u00e4ningsprogram \u2013 f\u00f6r b\u00e5de nyb\u00f6rjare och elitidrottare, p\u00e5 plats hos oss samt online.<\/p>\n\n                                    <\/div>\n            <\/div>\n\n        <\/div>\n\n\t\t\t\t\t\t<\/div>\n\t\t\t\t<\/div>\n\t\t\t\t\t<\/div>\n\t\t<\/div>\n\t\t\t\t\t<\/div>\n\t\t<\/section>\n\t\t\t\t<div class=\"elementor-element elementor-element-feffd3f th-btn-align-left th-btn-align-mobile-center elementor-widget elementor-widget-themo-button\" data-id=\"feffd3f\" data-element_type=\"widget\" data-e-type=\"widget\" data-widget_type=\"themo-button.default\">\n\t\t\t\t<div class=\"elementor-widget-container\">\n\t\t\t\t\t\n                \t\t\t<a class=\"btn-1 btn th-btn btn-standard-accent\" href=\"https:\/\/goatsportsclinic.com\/sv\/\">\n\t\t\t\t\t\t\t\t\tL\u00e4s mer\t\t\t\t\t\t\t<\/a>\n\t\t\n        \n\t\t\t\t\t\t<\/div>\n\t\t\t\t<\/div>\n\t\t\t\t\t<\/div>\n\t\t<\/div>\n\t\t\t\t<div class=\"elementor-column elementor-col-25 elementor-top-column elementor-element elementor-element-0cbb730\" data-id=\"0cbb730\" data-element_type=\"column\" data-e-type=\"column\" data-settings=\"{&quot;background_background&quot;:&quot;gradient&quot;}\">\n\t\t\t<div class=\"elementor-widget-wrap elementor-element-populated\">\n\t\t\t\t\t\t<div class=\"elementor-element elementor-element-9bd316e elementor-widget elementor-widget-image\" data-id=\"9bd316e\" data-element_type=\"widget\" data-e-type=\"widget\" data-widget_type=\"image.default\">\n\t\t\t\t<div class=\"elementor-widget-container\">\n\t\t\t\t\t\t\t\t\t\t\t\t\t\t\t<img loading=\"lazy\" decoding=\"async\" width=\"1427\" height=\"1200\" src=\"https:\/\/goatfactorygroup.com\/wp-content\/uploads\/goat-charity-logo-blue1200px-unified-crop.png\" class=\"attachment-full size-full wp-image-12399\" alt=\"\" srcset=\"https:\/\/goatfactorygroup.com\/wp-content\/uploads\/goat-charity-logo-blue1200px-unified-crop.png 1427w, https:\/\/goatfactorygroup.com\/wp-content\/uploads\/goat-charity-logo-blue1200px-unified-crop-300x252.png 300w, https:\/\/goatfactorygroup.com\/wp-content\/uploads\/goat-charity-logo-blue1200px-unified-crop-1024x861.png 1024w, https:\/\/goatfactorygroup.com\/wp-content\/uploads\/goat-charity-logo-blue1200px-unified-crop-768x646.png 768w, https:\/\/goatfactorygroup.com\/wp-content\/uploads\/goat-charity-logo-blue1200px-unified-crop-89x75.png 89w, https:\/\/goatfactorygroup.com\/wp-content\/uploads\/goat-charity-logo-blue1200px-unified-crop-95x80.png 95w, https:\/\/goatfactorygroup.com\/wp-content\/uploads\/goat-charity-logo-blue1200px-unified-crop-360x303.png 360w, https:\/\/goatfactorygroup.com\/wp-content\/uploads\/goat-charity-logo-blue1200px-unified-crop-832x700.png 832w, https:\/\/goatfactorygroup.com\/wp-content\/uploads\/goat-charity-logo-blue1200px-unified-crop-1130x950.png 1130w, https:\/\/goatfactorygroup.com\/wp-content\/uploads\/goat-charity-logo-blue1200px-unified-crop-1284x1080.png 1284w\" sizes=\"(max-width: 1427px) 100vw, 1427px\" \/>\t\t\t\t\t\t\t\t\t\t\t\t\t\t\t<\/div>\n\t\t\t\t<\/div>\n\t\t\t\t<section class=\"elementor-section elementor-inner-section elementor-element elementor-element-ce68ea1 elementor-section-full_width elementor-section-height-min-height elementor-section-height-default\" data-id=\"ce68ea1\" data-element_type=\"section\" data-e-type=\"section\">\n\t\t\t\t\t\t<div class=\"elementor-container elementor-column-gap-default\">\n\t\t\t\t\t<div class=\"elementor-column elementor-col-100 elementor-inner-column elementor-element elementor-element-2242968\" data-id=\"2242968\" data-element_type=\"column\" data-e-type=\"column\">\n\t\t\t<div class=\"elementor-widget-wrap elementor-element-populated\">\n\t\t\t\t\t\t<div class=\"elementor-element elementor-element-daed435 elementor-view-default elementor-position-top elementor-invisible elementor-widget elementor-widget-themo-header\" data-id=\"daed435\" data-element_type=\"widget\" data-e-type=\"widget\" data-settings=\"{&quot;_animation&quot;:&quot;fadeInUp&quot;}\" data-widget_type=\"themo-header.default\">\n\t\t\t\t<div class=\"elementor-widget-container\">\n\t\t\t\t\t\t\t<div class=\"th-header-wrap\">\n        <div class=\"elementor-icon-box-wrapper \">\n                            <div class=\"elementor-icon-box-content\">\n                    <h2 class=\"elementor-icon-box-title\">\n                        GOAT Charity                    <\/h2>\n                                        <p class=\"elementor-icon-box-description\">GOAT Charity g\u00f6r h\u00e4lsa tillg\u00e4nglig f\u00f6r alla. Genom samh\u00e4llsinitiativ, partnerskap och st\u00f6d f\u00f6r psykisk h\u00e4lsa och fysisk aktivitet skapar vi varaktig p\u00e5verkan.\nBe the change. <\/p>\n\n                                    <\/div>\n            <\/div>\n\n        <\/div>\n\n\t\t\t\t\t\t<\/div>\n\t\t\t\t<\/div>\n\t\t\t\t\t<\/div>\n\t\t<\/div>\n\t\t\t\t\t<\/div>\n\t\t<\/section>\n\t\t\t\t<div class=\"elementor-element elementor-element-fab1f97 th-btn-align-left th-btn-align-mobile-center elementor-widget elementor-widget-themo-button\" data-id=\"fab1f97\" data-element_type=\"widget\" data-e-type=\"widget\" data-widget_type=\"themo-button.default\">\n\t\t\t\t<div class=\"elementor-widget-container\">\n\t\t\t\t\t\n                \t\t\t<a class=\"btn-1 btn th-btn btn-standard-primary\" href=\"https:\/\/goatfactorygroup.com\/sv\/goat-charity\/\">\n\t\t\t\t\t\t\t\t\tL\u00e4s mer\t\t\t\t\t\t\t<\/a>\n\t\t\n        \n\t\t\t\t\t\t<\/div>\n\t\t\t\t<\/div>\n\t\t\t\t\t<\/div>\n\t\t<\/div>\n\t\t\t\t\t<\/div>\n\t\t<\/section>\n\t\t\t\t<\/div>\n\t\t","protected":false},"excerpt":{"rendered":"<p>GOATNESS Software GOATNESS Software ger dig allt du beh\u00f6ver f\u00f6r att lyckas &#8211; oavsett om du formar kulturen p\u00e5 arbetsplatsen, coachar kunder eller utvecklar medlemmar inom en klubb eller en f\u00f6rening. L\u00e4s mer GOATNESS Appen \u00c4r du redo att ta &hellip; <a href=\"https:\/\/goatfactorygroup.com\/sv\/\">Read More<\/a><\/p>\n","protected":false},"author":1,"featured_media":1344,"parent":0,"menu_order":1,"comment_status":"closed","ping_status":"closed","template":"","meta":{"_monsterinsights_skip_tracking":false,"_monsterinsights_sitenote_active":false,"_monsterinsights_sitenote_note":"","_monsterinsights_sitenote_category":0,"footnotes":""},"class_list":["post-12073","page","type-page","status-publish","has-post-thumbnail","hentry"],"_links":{"self":[{"href":"https:\/\/goatfactorygroup.com\/sv\/wp-json\/wp\/v2\/pages\/12073","targetHints":{"allow":["GET"]}}],"collection":[{"href":"https:\/\/goatfactorygroup.com\/sv\/wp-json\/wp\/v2\/pages"}],"about":[{"href":"https:\/\/goatfactorygroup.com\/sv\/wp-json\/wp\/v2\/types\/page"}],"author":[{"embeddable":true,"href":"https:\/\/goatfactorygroup.com\/sv\/wp-json\/wp\/v2\/users\/1"}],"replies":[{"embeddable":true,"href":"https:\/\/goatfactorygroup.com\/sv\/wp-json\/wp\/v2\/comments?post=12073"}],"version-history":[{"count":21,"href":"https:\/\/goatfactorygroup.com\/sv\/wp-json\/wp\/v2\/pages\/12073\/revisions"}],"predecessor-version":[{"id":12430,"href":"https:\/\/goatfactorygroup.com\/sv\/wp-json\/wp\/v2\/pages\/12073\/revisions\/12430"}],"wp:featuredmedia":[{"embeddable":true,"href":"https:\/\/goatfactorygroup.com\/sv\/wp-json\/wp\/v2\/media\/1344"}],"wp:attachment":[{"href":"https:\/\/goatfactorygroup.com\/sv\/wp-json\/wp\/v2\/media?parent=12073"}],"curies":[{"name":"wp","href":"https:\/\/api.w.org\/{rel}","templated":true}]}}