{"id":1568,"date":"2023-09-12T18:09:49","date_gmt":"2023-09-12T18:09:49","guid":{"rendered":"https:\/\/goatfactorygroup.com\/integritetspolicy\/"},"modified":"2025-12-17T20:53:41","modified_gmt":"2025-12-17T20:53:41","slug":"integritetspolicy","status":"publish","type":"page","link":"https:\/\/goatfactorygroup.com\/sv\/integritetspolicy\/","title":{"rendered":"Integritetspolicy"},"content":{"rendered":"\t\t<div data-elementor-type=\"wp-page\" data-elementor-id=\"1568\" class=\"elementor elementor-1568 elementor-3\" data-elementor-post-type=\"page\">\n\t\t\t\t\t\t<section class=\"elementor-section elementor-top-section elementor-element elementor-element-6497b5a4 elementor-section-boxed elementor-section-height-default elementor-section-height-default\" data-id=\"6497b5a4\" data-element_type=\"section\" data-e-type=\"section\">\n\t\t\t\t\t\t<div class=\"elementor-container elementor-column-gap-default\">\n\t\t\t\t\t<div class=\"elementor-column elementor-col-100 elementor-top-column elementor-element elementor-element-78c9c1d2\" data-id=\"78c9c1d2\" data-element_type=\"column\" data-e-type=\"column\">\n\t\t\t<div class=\"elementor-widget-wrap elementor-element-populated\">\n\t\t\t\t\t\t<div class=\"elementor-element elementor-element-ee62a3f elementor-invisible elementor-widget elementor-widget-heading\" data-id=\"ee62a3f\" data-element_type=\"widget\" data-e-type=\"widget\" data-settings=\"{&quot;_animation&quot;:&quot;fadeInUp&quot;,&quot;_animation_delay&quot;:&quot;150&quot;}\" data-widget_type=\"heading.default\">\n\t\t\t\t<div class=\"elementor-widget-container\">\n\t\t\t\t\t<h1 class=\"elementor-heading-title elementor-size-default\">Integritetspolicy<\/h1>\t\t\t\t<\/div>\n\t\t\t\t<\/div>\n\t\t\t\t<div class=\"elementor-element elementor-element-54dfd18b elementor-widget elementor-widget-text-editor\" data-id=\"54dfd18b\" data-element_type=\"widget\" data-e-type=\"widget\" data-widget_type=\"text-editor.default\">\n\t\t\t\t<div class=\"elementor-widget-container\">\n\t\t\t\t\t\t\t\t\t<p>G.O.A.T Factory Group AB (nedan kallat GOAT) tar ansvar f\u00f6r personuppgifter och hur de behandlas.<\/p>\n<p>Det \u00e4r viktigt att alla som kontaktar oss, bes\u00f6ker oss, anv\u00e4nder v\u00e5r app eller v\u00e5ra webbplatser och digitala kanaler k\u00e4nner sig trygga i hur vi behandlar personuppgifter. Detta g\u00e4ller oavsett om man \u00e4r kund, leverant\u00f6r, medarbetare, konsult, kandidat eller har n\u00e5got annat f\u00f6rh\u00e5llande till GOAT.<\/p>\n<p>V\u00e5r integritetspolicy g\u00e4ller f\u00f6r samtliga av GOATs kanaler och f\u00f6r alla bolag inom koncernen. Skulle n\u00e5got f\u00f6retag inom GOAT-koncernen ha en mer specifik integritetspolicy ska den ha f\u00f6retr\u00e4de framf\u00f6r GOATs policy.<\/p>\n<p>GOAT har vidtagit tekniska och organisatoriska \u00e5tg\u00e4rder f\u00f6r att skydda personuppgifter mot f\u00f6rlust, missbruk, obeh\u00f6rig \u00e5tkomst, avsl\u00f6jande, \u00e4ndring och f\u00f6rst\u00f6relse. F\u00f6r att s\u00e4kerst\u00e4lla att personuppgifter behandlas p\u00e5 ett s\u00e4kert och konfidentiellt s\u00e4tt anv\u00e4nder GOAT datan\u00e4tverk som \u00e4r intr\u00e5ngsskyddade med bland annat brandv\u00e4ggar och intr\u00e5ngsdetektering. F\u00f6r att s\u00e4kerst\u00e4lla integriteten f\u00f6r personuppgifter som vi samlar in via v\u00e5ra digitala kanaler anv\u00e4nder vi krypteringsteknik n\u00e4r \u00f6verf\u00f6ring av personuppgifter sker \u00f6ver Internet till v\u00e5ra servrar.<\/p>\n<p>Vi tar ansvar f\u00f6r att personuppgifter som behandlas av GOAT anv\u00e4nds endast f\u00f6r avsedda \u00e4ndam\u00e5l. All hantering av personuppgifter inom GOAT sker i \u00f6verensst\u00e4mmelse med till\u00e4mplig personuppgiftslagstiftning. Inom EU\/EES g\u00e4ller dataskyddsf\u00f6rordningen (GDPR).<\/p>\n<p><strong>Vad \u00e4r personuppgifter och vad \u00e4r behandling av personuppgifter?<\/strong><\/p>\n<p>Personuppgifter \u00e4r all information som direkt eller indirekt, tillsammans med andra uppgifter, kan kopplas till en levande fysisk person. Det inneb\u00e4r uppgifter som t.ex. namn och kontaktuppgifter, IP-adresser, t\u00e4vlingsbidrag, gjorda val och beteenden.<\/p>\n<p>Behandling av personuppgifter \u00e4r allt som sker med personuppgifterna. Varje \u00e5tg\u00e4rd som vidtas med personuppgifter utg\u00f6r behandling, oberoende av om den utf\u00f6rs automatiserat eller ej. Exempel p\u00e5 behandling kan vara insamling av uppgifter, registrering, organisering, strukturering, lagring, bearbetning eller \u00e4ndring, framtagning, l\u00e4sning, anv\u00e4ndning, utl\u00e4mning genom \u00f6verf\u00f6ring, spridning eller tillhandah\u00e5llande p\u00e5 annat s\u00e4tt, justering eller sammanf\u00f6rande, begr\u00e4nsning, radering eller f\u00f6rst\u00f6ring.<\/p>\n<p><strong>Vilka personuppgifter behandlas och n\u00e4r raderas de?<\/strong><\/p>\n<p>Personuppgifter samlas in av oss vid anv\u00e4ndning av v\u00e5ra digitala kanaler, appar, tj\u00e4nster eller vid kommunikation med GOAT. Vi kan samla in uppgifter s\u00e5som exempelvis namn, adress, postadress, e-postadress, telefonnummer, identifikationsuppgifter, information om anv\u00e4ndning av GOATs tj\u00e4nster och produkter och i vissa fall transaktionshistorik. F\u00f6r vissa tj\u00e4nster samlas \u00e4ven bilder och platsinformation in. I f\u00f6rekommande fall kan \u00e4ven personnummer och kortuppgifter behandlas. Vidare kan GOAT komma att samla in tekniska data om anv\u00e4ndning av v\u00e5ra digitala kanaler. Det inneb\u00e4r insamling av exempelvis IP-adress, typ av webbl\u00e4sare och cookieinformation. Insamlingen som beskrivs sker exempelvis n\u00e4r anv\u00e4ndaren anger sina personuppgifter i olika formul\u00e4r p\u00e5 v\u00e5ra digitala kanaler eller anv\u00e4nder dess tj\u00e4nster, n\u00e4r anv\u00e4ndaren kommunicerar med GOAT och andra via GOATs plattformar i sociala medier, l\u00e4mnar synpunkter p\u00e5 v\u00e5ra kontaktformul\u00e4r eller via telefon, laddar ner dokument fr\u00e5n GOATs webbsidor eller anm\u00e4ler sig till evenemang som GOAT anordnar. \u00c4ven i de fall anv\u00e4ndaren skickar e-post eller brev till oss eller deltar i anbudshantering samlas information in.<\/p>\n<p>Om anv\u00e4ndare deltar i t\u00e4vlingar och andra marknadsf\u00f6ringsaktiviteter som GOAT anordnar kan t\u00e4vlingsbidrag och ytterligare personuppgifter, som anv\u00e4ndare l\u00e4mnar in, behandlas av oss.<\/p>\n<p>Om du bes\u00f6ker eller kommunicerar med oss via v\u00e5ra konton i sociala medier (det vill s\u00e4ga tredjepartsplattformar s\u00e5som exempelvis Facebook, Instagram, LinkedIn och Twitter m.fl.) kan GOAT komma att ta emot information r\u00f6rande din profil och dina interaktioner p\u00e5 aktuell plattform och all medverkan d\u00e4r sker i enlighet med respektive webbplats integritetspolicy.<\/p>\n<p>F\u00f6r kunder och leverant\u00f6rer hanterar vi kontaktpersoners namn, telefonnummer, e-post och i enstaka fall \u00e4ven matpreferenser (t.ex. allergier). Andra uppgifter kan f\u00f6rekomma och d\u00e5 i samr\u00e5d och med s\u00e4rskilt samtycke.<\/p>\n<p>Som anst\u00e4lld, konsult eller kandidat kan vi komma att behandla f\u00f6ljande personuppgifter om dig; namn, personnummer, adress, e-postadress, betyg, intyg, utbildningar och arbetslivserfarenheter, resultat fr\u00e5n tester, bilder, uppgift fr\u00e5n bakgrundskontroll, uppgift fr\u00e5n referensperson (omd\u00f6men och h\u00e4lsa), l\u00f6neuppgifter, kontrolluppgifter, pensionsuppgifter och kontouppgifter.<\/p>\n<p>GOAT sparar inte personuppgifter under en l\u00e4ngre tid \u00e4n vad som \u00e4r n\u00f6dv\u00e4ndigt med h\u00e4nsyn till de \u00e4ndam\u00e5l f\u00f6r vilka de samlades in, om inte annat f\u00f6reskrivs i lag.<\/p>\n<p><strong>K\u00e4nslig information<\/strong><\/p>\n<p>Vi \u00f6nskar ingen information om n\u00e5gra k\u00e4nsliga personuppgifter (till exempel information ang\u00e5ende etniskt ursprung, politiska \u00e5sikter, religion eller trosuppfattning, h\u00e4lsotillst\u00e5nd, genetisk eller biometrisk information, kriminell bakgrund eller fackf\u00f6reningsmedlemskap osv.) via brev, e-post eller genom webbformul\u00e4r.<\/p>\n<p><strong>F\u00f6r vilka \u00e4ndam\u00e5l behandlas personuppgifter?<\/strong><\/p>\n<p>De personuppgifter som samlas in har f\u00f6ljande \u00e4ndam\u00e5l:<\/p>\n<p>F\u00f6r att vi ska kunna tillhandah\u00e5lla tj\u00e4nster samt hantera v\u00e5ra avtal med dig. F\u00f6r att vi ska kunna tillhandah\u00e5lla en app. F\u00f6r att vi ska kunna kommunicera med dig via kundservice, e-post, brev eller formul\u00e4r och i v\u00e5ra konton p\u00e5 olika sociala plattformar. F\u00f6r att administrera marknadsf\u00f6ringsaktiviteter som t\u00e4vlingar och vinster, med mera. F\u00f6r marknadsf\u00f6rings\u00e4ndam\u00e5l, d\u00e4ribland f\u00f6r marknadsf\u00f6ring via post och e-post (kan alltid v\u00e4ljas bort via en l\u00e4nk i varje e-postutskick). F\u00f6r att analysera och gruppera webbplatsbes\u00f6karna efter urval, prioritering och preferenser. Det inneb\u00e4r att en s\u00e5 kallad profilering sker, i syfte att kunna tillhandah\u00e5lla dig relevant och anpassad information, rekommendationer, annonser och erbjudanden. Det \u00e4r \u00e4ven m\u00f6jligt att data som h\u00e4rr\u00f6r fr\u00e5n anv\u00e4ndning av olika digitala kanaler fr\u00e5n GOAT och fr\u00e5n dess koncernbolag samk\u00f6rs f\u00f6r detta \u00e4ndam\u00e5l, samt f\u00f6r \u00e4ndam\u00e5let att utveckla produkter och tj\u00e4nster. F\u00f6r att ta fram statistik \u00f6ver anv\u00e4ndningen av v\u00e5ra digitala kanaler och dess tj\u00e4nster. F\u00f6r att behandla din eller v\u00e5r betalning och f\u00f6rhindra eller uppt\u00e4cka bedr\u00e4gerier. F\u00f6r att s\u00e4kerst\u00e4lla v\u00e5ra anst\u00e4lldas avtal. F\u00f6r att m\u00f6jligg\u00f6ra framtida aff\u00e4rsrelationer. F\u00f6r att trygga v\u00e5ra kandidaters rekryteringsprocess. F\u00f6r att kunna hantera \u00e4renden om p\u00e5st\u00e5dd diskriminering, hantera tvister och reklamations\u00e4renden. F\u00f6r att uppfylla juridiska sk\u00e4l s\u00e5som lagkrav.<\/p>\n<p><strong>Laglig grund och ber\u00e4ttigade intressen f\u00f6r personuppgiftsbehandlingen<\/strong><\/p>\n<p>GOAT behandlar alltid dina personuppgifter i enlighet med till\u00e4mplig lagstiftning. Vi behandlar dina personuppgifter d\u00e5 det \u00e4r n\u00f6dv\u00e4ndigt f\u00f6r att fullg\u00f6ra ett avtal med dig eller svara p\u00e5 din beg\u00e4ran om kundservice eller d\u00e5 vi har ett annat legitimt och ber\u00e4ttigat intresse av att behandla dina personuppgifter. Om GOAT skulle behandla dina personuppgifter f\u00f6r n\u00e5got \u00e4ndam\u00e5l som enligt till\u00e4mplig lagstiftning kr\u00e4ver ditt samtycke, kommer vi att inh\u00e4mta ditt samtycke i f\u00f6rv\u00e4g genom att du aktivt till exempel f\u00e5r klicka i en ruta eller skriva under ett samtycke.<\/p>\n<p><strong>Begr\u00e4nsningar i utl\u00e4mnande av personuppgifter<\/strong><\/p>\n<p>GOAT kan komma att anlita externa samarbetspartners och leverant\u00f6rer att utf\u00f6ra uppgifter f\u00f6r GOAT r\u00e4kning, till exempel f\u00f6r att tillhandah\u00e5lla IT-tj\u00e4nster, betalningsl\u00f6sningar eller f\u00f6r att hj\u00e4lpa till med marknadsf\u00f6ring, analyser eller statistik. Utf\u00f6randet av dessa tj\u00e4nster kan inneb\u00e4ra att GOAT samarbetspartners, b\u00e5de inom EU\/EES och utanf\u00f6r EU\/EES, f\u00e5r tillg\u00e5ng till dina personuppgifter. Bolag som hanterar personuppgifter f\u00f6r GOAT r\u00e4kning tecknar alltid avtal med GOAT f\u00f6r att s\u00e4kerst\u00e4lla en trygg hantering av personuppgifter \u00e4ven hos v\u00e5ra samarbetspartners. I relation till samarbetspartners utanf\u00f6r EU\/EES vidtas s\u00e4rskilda skydds\u00e5tg\u00e4rder, som till exempel avtal som inkluderar standardiserade modellklausuler f\u00f6r data\u00f6verf\u00f6ring, vilka har antagits av EU-kommissionen. \u00d6nskar man f\u00e5 mer information om det sistn\u00e4mnda finns det tillg\u00e4ngligt p\u00e5 EU-kommissionens webbplats.<\/p>\n<p>GOAT kan komma att l\u00e4mna ut personuppgifter till tredje part, som till exempel polisen eller annan myndighet, om det r\u00f6r utredning av brott eller om vi annars \u00e4r skyldiga att l\u00e4mna ut s\u00e5dan uppgift med st\u00f6d av lag eller myndighetsbeslut.<\/p>\n<p>GOAT l\u00e4mnar inte ut dina personuppgifter till n\u00e5gon annan \u00e4n i den utstr\u00e4ckning som beskrivs h\u00e4r.<\/p>\n<p><strong>Cookies<\/strong><\/p>\n<p>GOAT har placerat s\u00e5 kallade \u201dcookies\u201d i flera av v\u00e5ra digitala kanaler. Genom dessa cookies samlas uppgifter in om hur du anv\u00e4nder den digitala kanalen.<\/p>\n<p>N\u00e4r du bes\u00f6ker v\u00e5r webbplats kan vi samla in information och uppgifter om dig genom att anv\u00e4nda cookies.<\/p>\n<p>F\u00f6r mer information om cookies och vad du kan g\u00f6ra f\u00f6r att skydda dina personuppgifter p\u00e5 Internet, se f\u00f6ljande l\u00e4nk till <a href=\"http:\/\/www.youronlinechoices.eu\/\">www.youronlinechoices.eu<\/a>.<\/p>\n<p><strong>Externa l\u00e4nkar<\/strong><\/p>\n<p>Denna integritetspolicy g\u00e4ller f\u00f6r information som GOAT behandlar om dig inom ramen f\u00f6r v\u00e5ra kanaler. GOAT digitala kanaler kan ibland inneh\u00e5lla l\u00e4nkar till externa webbplatser eller tj\u00e4nster som vi inte kontrollerar. Om du f\u00f6ljer en l\u00e4nk till en extern webbsida uppmanas du att ta del av de principer f\u00f6r personuppgiftsbehandling och information om cookies som g\u00e4ller f\u00f6r den aktuella sidan och f\u00f6r det bolaget som \u00e4ger den sidan.<\/p>\n<p><strong>Dina r\u00e4ttigheter enligt Dataskyddsf\u00f6rordningen (GDPR)<\/strong><\/p>\n<p>Enligt Dataskyddsf\u00f6rordningen (GDPR), som g\u00e4ller fr\u00e5n och med den 25 maj 2018, har du bland annat f\u00f6ljande r\u00e4ttigheter:<\/p>\n<ul>\n<li>f\u00e5 tillg\u00e5ng till dina personuppgifter<\/li>\n<li>f\u00e5 felaktiga personuppgifter r\u00e4ttade&nbsp;<\/li>\n<li>f\u00e5 dina personuppgifter raderade&nbsp;<\/li>\n<li>inv\u00e4nda mot att personuppgifterna anv\u00e4nds f\u00f6r direktmarknadsf\u00f6ring&nbsp;<\/li>\n<li>inv\u00e4nda mot att personuppgifterna anv\u00e4nds f\u00f6r automatiserat beslutsfattande och profilering&nbsp;<\/li>\n<li>flytta personuppgifterna (dataportabilitet)&nbsp;<\/li>\n<\/ul>\n<p>L\u00e4s mer om den allm\u00e4nna dataskyddsf\u00f6rordningen fr\u00e5n den svenska dataskyddsmyndigheten: <a href=\"https:\/\/www.imy.se\/verksamhet\/dataskydd\/det-har-galler-enligt-gdpr\/introduktion-till-gdpr\/dataskyddsforordningen-i-fulltext\/\">https:\/\/www.imy.se\/verksamhet\/dataskydd\/det-har-galler-enligt-gdpr\/introduktion-till-gdpr\/dataskyddsforordningen-i-fulltext\/<\/a><\/p>\n<p><strong>Din r\u00e4tt att \u00e5terkalla samtycke samt f\u00e5 tillg\u00e5ng<\/strong><\/p>\n<p>Du kan n\u00e4r som helst v\u00e4lja att \u00e5terkalla ditt samtycke av behandling av dina personuppgifter genom att kontakta oss.<\/p>\n<p>Du har ocks\u00e5 alltid r\u00e4tt att erh\u00e5lla en kopia p\u00e5 de personuppgifter som vi har om dig. Du kan skriva till oss och be om en kopia p\u00e5 de personuppgifter vi har om dig. \u00d6nskar du detta ber vi dig att inkludera information som kan hj\u00e4lpa oss att identifiera och lokalisera dina personuppgifter. Detta tillhandah\u00e5ller vi kostnadsfritt.<\/p>\n<p>\u00d6nskar du fysiska kopior kan vi komma att debitera en administrationsavgift.<\/p>\n<p><strong>R\u00e4tt till r\u00e4ttelse, radering, begr\u00e4nsning samt r\u00e4tt att inv\u00e4nda mot behandling<\/strong><\/p>\n<p>F\u00f6r oss \u00e4r det viktigt att vi har r\u00e4tt uppgifter om dig. Vi v\u00e4lkomnar d\u00e4rf\u00f6r information om att r\u00e4tta till felaktig information. Du har under vissa f\u00f6ruts\u00e4ttningar r\u00e4tt att beg\u00e4ra begr\u00e4nsningar av behandlingen av dina personuppgifter och kan n\u00e4r som helst inv\u00e4nda mot behandlingen av dina uppgifter om de r\u00e4ttsliga grunderna f\u00f6r behandlingen utg\u00f6rs av ett allm\u00e4nintresse eller en intresseavv\u00e4gning. Du har \u00e4ven r\u00e4tt att f\u00e5 dina personuppgifter raderade bland annat f\u00f6r de fall de inte l\u00e4ngre beh\u00f6vs f\u00f6r \u00e4ndam\u00e5let eller om behandlingen baseras p\u00e5 ditt samtycke och du \u00f6nskar \u00e5terkalla detta.<\/p>\n<p>Vi kommer att uppdatera och radera dina uppgifter med undantag f\u00f6r om vi har r\u00e4tt eller har legala skyldigheter att f\u00f6ruts\u00e4tta behandla dem f\u00f6r legitima syften.<\/p>\n<p><strong>R\u00e4tt till dataportabilitet<\/strong><\/p>\n<p>Om det \u00e4r tekniskt m\u00f6jligt och den legala grunden f\u00f6r behandlingen av dina personuppgifter utg\u00f6rs av samtycke eller att behandlingen har varit n\u00f6dv\u00e4ndig f\u00f6r att fullg\u00f6ra ett avtal har du, under vissa f\u00f6ruts\u00e4ttningar, r\u00e4tt att f\u00e5 ut dessa personuppgifter och r\u00e4tt att \u00f6verf\u00f6ra dessa till en annan personuppgiftsansvarig. Denna r\u00e4ttighet g\u00e4ller fr\u00e5n och med den 25 maj 2018.<\/p>\n<p><strong>Behandling av personuppgifter om barn<\/strong><\/p>\n<p>GOAT digitala kanaler riktar sig inte till barn och GOAT samlar d\u00e4rmed inte medvetet in personuppgifter om barn. Om du \u00e4r m\u00e5lsman och blir medveten om att ditt barn l\u00e4mnat personuppgifter till GOAT ber vi dig att kontakta oss p\u00e5 de adresser som anges nedan, f\u00f6r att du ska kunna ut\u00f6va dina r\u00e4ttigheter avseende exempelvis r\u00e4ttelse eller borttagning.<\/p>\n<p><strong>Kontaktinformation \u2013 Personuppgiftsansvarig<\/strong><\/p>\n<p>Personuppgiftsansvarig f\u00f6r behandling av dina uppgifter \u00e4r det GOAT bolag som anges som ansvarig f\u00f6r kanalen i fr\u00e5ga. Om du har fr\u00e5gor om hur GOAT behandlar dina personuppgifter eller vill ha information om och kontaktuppgifter till personuppgiftsansvariga i andra bolag inom GOAT-koncernen, \u00e4r du v\u00e4lkommen att kontakta GOAT:s dataskyddsombud via <a href=\"mailto:dataprivacy@goatfactorygroup.com\">dataprivacy@goatfactorygroup.com<\/a> eller via post, enligt vad som anges nedan.<\/p>\n<p>Vi kan komma att be dig att bekr\u00e4fta din identitet innan vi hanterar dina fr\u00e5gor. Vi kan ocks\u00e5 be dig om mer information f\u00f6r att s\u00e4kerst\u00e4lla att du \u00e4r beh\u00f6rig n\u00e4r du kontaktar oss f\u00f6r n\u00e5gon annans r\u00e4kning.<\/p>\n<p>G.O.A.T Factory Group AB <br>Box 4233 <br>102 65 STOCKHOLM<\/p>\n<p>Skulle du vara missn\u00f6jd med v\u00e5r respons kan du v\u00e4nda dig till den lokala tillsynsmyndigheten med dina klagom\u00e5l: <a href=\"http:\/\/www.imy.se\/\">www.imy.se<\/a><\/p>\n<p><strong>\u00c4ndring av denna integritetspolicy<\/strong><\/p>\n<p>GOAT kan komma att fr\u00e5n tid till annan g\u00f6ra \u00e4ndringar i denna integritetspolicy. Den senaste versionen av integritetspolicyn finns alltid tillg\u00e4nglig p\u00e5 GOATs webbplats.<\/p>\t\t\t\t\t\t\t\t<\/div>\n\t\t\t\t<\/div>\n\t\t\t\t\t<\/div>\n\t\t<\/div>\n\t\t\t\t\t<\/div>\n\t\t<\/section>\n\t\t\t\t<\/div>\n\t\t","protected":false},"excerpt":{"rendered":"<p>Integritetspolicy G.O.A.T Factory Group AB (nedan kallat GOAT) tar ansvar f\u00f6r personuppgifter och hur de behandlas. Det \u00e4r viktigt att alla som kontaktar oss, bes\u00f6ker oss, anv\u00e4nder v\u00e5r app eller v\u00e5ra webbplatser och digitala kanaler k\u00e4nner sig trygga i hur &hellip; <a href=\"https:\/\/goatfactorygroup.com\/sv\/integritetspolicy\/\">Read More<\/a><\/p>\n","protected":false},"author":1,"featured_media":0,"parent":0,"menu_order":10,"comment_status":"closed","ping_status":"open","template":"","meta":{"_monsterinsights_skip_tracking":false,"_monsterinsights_sitenote_active":false,"_monsterinsights_sitenote_note":"","_monsterinsights_sitenote_category":0,"footnotes":""},"class_list":["post-1568","page","type-page","status-publish","hentry"],"_links":{"self":[{"href":"https:\/\/goatfactorygroup.com\/sv\/wp-json\/wp\/v2\/pages\/1568","targetHints":{"allow":["GET"]}}],"collection":[{"href":"https:\/\/goatfactorygroup.com\/sv\/wp-json\/wp\/v2\/pages"}],"about":[{"href":"https:\/\/goatfactorygroup.com\/sv\/wp-json\/wp\/v2\/types\/page"}],"author":[{"embeddable":true,"href":"https:\/\/goatfactorygroup.com\/sv\/wp-json\/wp\/v2\/users\/1"}],"replies":[{"embeddable":true,"href":"https:\/\/goatfactorygroup.com\/sv\/wp-json\/wp\/v2\/comments?post=1568"}],"version-history":[{"count":15,"href":"https:\/\/goatfactorygroup.com\/sv\/wp-json\/wp\/v2\/pages\/1568\/revisions"}],"predecessor-version":[{"id":12109,"href":"https:\/\/goatfactorygroup.com\/sv\/wp-json\/wp\/v2\/pages\/1568\/revisions\/12109"}],"wp:attachment":[{"href":"https:\/\/goatfactorygroup.com\/sv\/wp-json\/wp\/v2\/media?parent=1568"}],"curies":[{"name":"wp","href":"https:\/\/api.w.org\/{rel}","templated":true}]}}