{"id":9247,"date":"2025-07-04T13:03:10","date_gmt":"2025-07-04T13:03:10","guid":{"rendered":"https:\/\/goatfactorygroup.com\/goat-charity\/"},"modified":"2025-07-04T13:11:41","modified_gmt":"2025-07-04T13:11:41","slug":"goat-charity","status":"publish","type":"page","link":"https:\/\/goatfactorygroup.com\/sv\/goat-charity\/","title":{"rendered":"Om GOAT Charity"},"content":{"rendered":"\t\t<div data-elementor-type=\"wp-post\" data-elementor-id=\"9247\" class=\"elementor elementor-9247 elementor-9235\" data-elementor-post-type=\"page\">\n\t\t\t\t\t\t<section class=\"elementor-section elementor-top-section elementor-element elementor-element-fc3f4ce elementor-section-full_width elementor-section-height-default elementor-section-height-default\" data-id=\"fc3f4ce\" data-element_type=\"section\" data-e-type=\"section\" data-settings=\"{&quot;background_background&quot;:&quot;gradient&quot;}\">\n\t\t\t\t\t\t<div class=\"elementor-container elementor-column-gap-wider\">\n\t\t\t\t\t<div class=\"elementor-column elementor-col-50 elementor-top-column elementor-element elementor-element-263d0b6\" data-id=\"263d0b6\" data-element_type=\"column\" data-e-type=\"column\" data-settings=\"{&quot;background_background&quot;:&quot;classic&quot;}\">\n\t\t\t<div class=\"elementor-widget-wrap elementor-element-populated\">\n\t\t\t\t\t\t<div class=\"elementor-element elementor-element-b65f3a6 elementor-widget elementor-widget-image\" data-id=\"b65f3a6\" data-element_type=\"widget\" data-e-type=\"widget\" data-widget_type=\"image.default\">\n\t\t\t\t<div class=\"elementor-widget-container\">\n\t\t\t\t\t\t\t\t\t\t\t\t\t\t\t\t<a href=\"https:\/\/goatcharity.se\/\">\n\t\t\t\t\t\t\t<img fetchpriority=\"high\" decoding=\"async\" width=\"2175\" height=\"1200\" src=\"https:\/\/goatfactorygroup.com\/wp-content\/uploads\/goat-charity-logo-white-1200px.png\" class=\"attachment-full size-full wp-image-9240\" alt=\"\" srcset=\"https:\/\/goatfactorygroup.com\/wp-content\/uploads\/goat-charity-logo-white-1200px.png 2175w, https:\/\/goatfactorygroup.com\/wp-content\/uploads\/goat-charity-logo-white-1200px-300x166.png 300w, https:\/\/goatfactorygroup.com\/wp-content\/uploads\/goat-charity-logo-white-1200px-1024x565.png 1024w, https:\/\/goatfactorygroup.com\/wp-content\/uploads\/goat-charity-logo-white-1200px-768x424.png 768w, https:\/\/goatfactorygroup.com\/wp-content\/uploads\/goat-charity-logo-white-1200px-1536x847.png 1536w, https:\/\/goatfactorygroup.com\/wp-content\/uploads\/goat-charity-logo-white-1200px-2048x1130.png 2048w, https:\/\/goatfactorygroup.com\/wp-content\/uploads\/goat-charity-logo-white-1200px-136x75.png 136w, https:\/\/goatfactorygroup.com\/wp-content\/uploads\/goat-charity-logo-white-1200px-145x80.png 145w, https:\/\/goatfactorygroup.com\/wp-content\/uploads\/goat-charity-logo-white-1200px-394x217.png 394w, https:\/\/goatfactorygroup.com\/wp-content\/uploads\/goat-charity-logo-white-1200px-915x505.png 915w, https:\/\/goatfactorygroup.com\/wp-content\/uploads\/goat-charity-logo-white-1200px-1240x684.png 1240w, https:\/\/goatfactorygroup.com\/wp-content\/uploads\/goat-charity-logo-white-1200px-1920x1059.png 1920w\" sizes=\"(max-width: 2175px) 100vw, 2175px\" \/>\t\t\t\t\t\t\t\t<\/a>\n\t\t\t\t\t\t\t\t\t\t\t\t\t\t\t<\/div>\n\t\t\t\t<\/div>\n\t\t\t\t\t<\/div>\n\t\t<\/div>\n\t\t\t\t<div class=\"elementor-column elementor-col-50 elementor-top-column elementor-element elementor-element-17d09b8\" data-id=\"17d09b8\" data-element_type=\"column\" data-e-type=\"column\" data-settings=\"{&quot;background_background&quot;:&quot;classic&quot;}\">\n\t\t\t<div class=\"elementor-widget-wrap elementor-element-populated\">\n\t\t\t\t\t\t<div class=\"elementor-element elementor-element-1c1d15f elementor-invisible elementor-widget elementor-widget-heading\" data-id=\"1c1d15f\" data-element_type=\"widget\" data-e-type=\"widget\" data-settings=\"{&quot;_animation&quot;:&quot;fadeInUp&quot;,&quot;_animation_delay&quot;:&quot;150&quot;}\" data-widget_type=\"heading.default\">\n\t\t\t\t<div class=\"elementor-widget-container\">\n\t\t\t\t\t<h1 class=\"elementor-heading-title elementor-size-default\">Om GOAT Charity<\/h1>\t\t\t\t<\/div>\n\t\t\t\t<\/div>\n\t\t\t\t<div class=\"elementor-element elementor-element-03144a1 elementor-invisible elementor-widget elementor-widget-heading\" data-id=\"03144a1\" data-element_type=\"widget\" data-e-type=\"widget\" data-settings=\"{&quot;_animation&quot;:&quot;fadeInUp&quot;,&quot;_animation_delay&quot;:&quot;300&quot;}\" data-widget_type=\"heading.default\">\n\t\t\t\t<div class=\"elementor-widget-container\">\n\t\t\t\t\t<p class=\"elementor-heading-title elementor-size-default\"><p>GOAT Charity \u00e4r ett projekt av GOAT Factory Group som engagerar m\u00e4nniskor i att bidra till ett mer h\u00e4lsosamt och medm\u00e4nskligt samh\u00e4lle.<\/p><p>V\u00e5r utg\u00e5ngspunkt \u00e4r att h\u00e4lsa ska vara effektiv, l\u00e4ttillg\u00e4nglig och m\u00f6jlig f\u00f6r alla \u2013 oavsett bakgrund eller f\u00f6ruts\u00e4ttningar. Genom GOAT Charity vill vi skapa ett samh\u00e4lle d\u00e4r fler f\u00e5r chansen att m\u00e5 b\u00e4ttre, b\u00e5de fysiskt och psykiskt. <\/p><p>Det kan handla om att erbjuda kostnadsfri tr\u00e4ning f\u00f6r seniorer, skapa m\u00f6jligheter till fysisk aktivitet i utsatta omr\u00e5den eller sprida kunskap och inspiration kring h\u00e4lsa, kost och livsstil.<\/p><p>GOAT Charity st\u00f6djer ocks\u00e5 forskning och olika h\u00e4lsofr\u00e4mjande \u00e4ndam\u00e5l, fr\u00e4mst inom mental h\u00e4lsa och fysisk aktivitet. Genom egna initiativ, samarbeten, evenemang och utbildande insatser \u00e4r vi med och skapar l\u00e5ngsiktig p\u00e5verkan. <\/p><p><strong>Be the change you want to see in the world.\n<\/strong><\/p><\/p>\t\t\t\t<\/div>\n\t\t\t\t<\/div>\n\t\t\t\t\t<\/div>\n\t\t<\/div>\n\t\t\t\t\t<\/div>\n\t\t<\/section>\n\t\t\t\t<section class=\"elementor-section elementor-top-section elementor-element elementor-element-qgk6sn0 elementor-section-boxed elementor-section-height-default elementor-section-height-default\" data-id=\"qgk6sn0\" data-element_type=\"section\" data-e-type=\"section\">\n\t\t\t\t\t\t<div class=\"elementor-container elementor-column-gap-default\">\n\t\t\t\t\t<div class=\"elementor-column elementor-col-100 elementor-top-column elementor-element elementor-element-uaw4tj7\" data-id=\"uaw4tj7\" data-element_type=\"column\" data-e-type=\"column\">\n\t\t\t<div class=\"elementor-widget-wrap elementor-element-populated\">\n\t\t\t\t\t\t<div class=\"elementor-element elementor-element-l1yaoi4 elementor-view-default elementor-position-top elementor-invisible elementor-widget elementor-widget-themo-header\" data-id=\"l1yaoi4\" data-element_type=\"widget\" data-e-type=\"widget\" data-settings=\"{&quot;_animation&quot;:&quot;fadeInUp&quot;}\" data-widget_type=\"themo-header.default\">\n\t\t\t\t<div class=\"elementor-widget-container\">\n\t\t\t\t\t\t\t<div class=\"th-header-wrap\">\n        <div class=\"elementor-icon-box-wrapper \">\n                            <div class=\"elementor-icon-box-content\">\n                    <h2 class=\"elementor-icon-box-title\">\n                        Kontakta Oss                    <\/h2>\n                                        <p class=\"elementor-icon-box-description\">Om du har n\u00e5gra fr\u00e5gor eller generella \u00e4renden tveka inte att kontakta oss.<\/p>\n\n                                    <\/div>\n            <\/div>\n\n        <\/div>\n\n\t\t\t\t\t\t<\/div>\n\t\t\t\t<\/div>\n\t\t\t\t\t<\/div>\n\t\t<\/div>\n\t\t\t\t\t<\/div>\n\t\t<\/section>\n\t\t\t\t<section class=\"elementor-section elementor-top-section elementor-element elementor-element-o7twky5 elementor-section-boxed elementor-section-height-default elementor-section-height-default\" data-id=\"o7twky5\" data-element_type=\"section\" data-e-type=\"section\">\n\t\t\t\t\t\t<div class=\"elementor-container elementor-column-gap-extended\">\n\t\t\t\t\t<div class=\"elementor-column elementor-col-100 elementor-top-column elementor-element elementor-element-mfjhgsy\" data-id=\"mfjhgsy\" data-element_type=\"column\" data-e-type=\"column\">\n\t\t\t<div class=\"elementor-widget-wrap elementor-element-populated\">\n\t\t\t\t\t\t<div class=\"elementor-element elementor-element-3luh5i2 elementor-widget elementor-widget-themo-formidable-form\" data-id=\"3luh5i2\" data-element_type=\"widget\" data-e-type=\"widget\" data-widget_type=\"themo-formidable-form.default\">\n\t\t\t\t<div class=\"elementor-widget-container\">\n\t\t\t\t\t            <div class=\"th-fo-form  th-form-default  th-btn-form btn-standard-primary-form\"><div class=\"frm_forms  with_frm_style frm_style_formidable-style\" id=\"frm_form_3_container\" >\n<form enctype=\"multipart\/form-data\" method=\"post\" class=\"frm-show-form  frm_pro_form \" id=\"form_goat-contact-us\" >\n<div class=\"frm_form_fields \">\n<fieldset>\n\r\n<div class=\"frm_fields_container\">\n<input type=\"hidden\" name=\"frm_action\" value=\"create\" \/>\n<input type=\"hidden\" name=\"form_id\" value=\"3\" \/>\n<input type=\"hidden\" name=\"frm_hide_fields_3\" id=\"frm_hide_fields_3\" value=\"\" \/>\n<input type=\"hidden\" name=\"form_key\" value=\"goat-contact-us\" \/>\n<input type=\"hidden\" name=\"item_meta[0]\" value=\"\" \/>\n<input type=\"hidden\" id=\"frm_submit_entry_3\" name=\"frm_submit_entry_3\" value=\"9a2c0f96f7\" \/><input type=\"hidden\" name=\"_wp_http_referer\" value=\"\/sv\/wp-json\/wp\/v2\/pages\/9247\" \/><div id=\"frm_field_9_container\" class=\"frm_form_field form-field  frm_required_field frm_none_container frm_full\">\r\n    <label for=\"field_xipbjr3\" class=\"frm_primary_label\">Namn\r\n        <span class=\"frm_required\">*<\/span>\r\n    <\/label>\r\n    <input  type=\"text\" id=\"field_xipbjr3\" name=\"item_meta[9]\" value=\"\"  placeholder=\"Namn\" data-reqmsg=\"F\u00e4ltet \u00e4r obligatoriskt.\" aria-required=\"true\" data-invmsg=\"Namn \u00e4r felaktig\" aria-invalid=\"false\"   \/>\r\n    \r\n    \r\n<\/div>\n<div id=\"frm_field_10_container\" class=\"frm_form_field form-field  frm_required_field frm_none_container frm_full\">\r\n    <label for=\"field_jaehy83\" class=\"frm_primary_label\">E-post\r\n        <span class=\"frm_required\">*<\/span>\r\n    <\/label>\r\n    <input  type=\"text\" id=\"field_jaehy83\" name=\"item_meta[10]\" value=\"\"  placeholder=\"E-post\" data-reqmsg=\"F\u00e4ltet \u00e4r obligatoriskt.\" aria-required=\"true\" data-invmsg=\"E-post \u00e4r felaktig\" aria-invalid=\"false\"   \/>\r\n    \r\n    \r\n<\/div>\n<div id=\"frm_field_11_container\" class=\"frm_form_field form-field  frm_none_container frm_full\">\r\n    <label for=\"field_cqpguu3\" class=\"frm_primary_label\">Telefon\r\n        <span class=\"frm_required\"><\/span>\r\n    <\/label>\r\n    <input  type=\"text\" id=\"field_cqpguu3\" name=\"item_meta[11]\" value=\"\"  placeholder=\"Telefon\" data-invmsg=\"Telefon \u00e4r felaktig\" aria-invalid=\"false\"   \/>\r\n    \r\n    \r\n<\/div>\n<div id=\"frm_field_13_container\" class=\"frm_form_field form-field  frm_required_field frm_none_container frm_full\">\r\n    <label for=\"field_kggkvh3\" class=\"frm_primary_label\">Meddelande\r\n        <span class=\"frm_required\">*<\/span>\r\n    <\/label>\r\n    <textarea name=\"item_meta[13]\" id=\"field_kggkvh3\" rows=\"5\"  placeholder=\"Meddelande\" data-reqmsg=\"F\u00e4ltet \u00e4r obligatoriskt.\" aria-required=\"true\" data-invmsg=\"Meddelande \u00e4r felaktig\" aria-invalid=\"false\"  ><\/textarea>\r\n    \r\n    \r\n<\/div>\n<div id=\"frm_field_83_container\" class=\"frm_form_field form-field \">\r\n\t<div class=\"frm_submit\">\r\n\r\n<input type=\"submit\" value=\"Skicka\"  class=\"frm_final_submit\" \/>\r\n<img decoding=\"async\" class=\"frm_ajax_loading\" src=\"https:\/\/goatfactorygroup.com\/wp-content\/plugins\/formidable\/images\/ajax_loader.gif\" alt=\"Sending\" style=\"visibility:hidden;\" \/>\r\n\r\n<\/div>\r\n<\/div>\n\t<input type=\"hidden\" name=\"item_key\" value=\"\" \/>\n\t\t\t<div id=\"frm_field_122_container\">\n\t\t\t<label for=\"field_36kn3\" >\n\t\t\t\tOm du \u00e4r m\u00e4nsklig, l\u00e4mna det h\u00e4r f\u00e4ltet tomt.\t\t\t<\/label>\n\t\t\t<input  id=\"field_36kn3\" type=\"text\" class=\"frm_form_field form-field frm_verify\" name=\"item_meta[122]\" value=\"\"  \/>\n\t\t<\/div>\n\t\t<input name=\"frm_state\" type=\"hidden\" value=\"nuafqePy5k2CJwIGMqAlk3oD2Jc2W94XQGOlZndS2aFUF4yqe7sDs3YCrCoVlSdg\" \/><\/div>\n<\/fieldset>\n<\/div>\n\n<\/form>\n<\/div>\n<\/div>\n            \t\t\t\t<\/div>\n\t\t\t\t<\/div>\n\t\t\t\t\t<\/div>\n\t\t<\/div>\n\t\t\t\t\t<\/div>\n\t\t<\/section>\n\t\t\t\t<\/div>\n\t\t","protected":false},"excerpt":{"rendered":"<p>Om GOAT Charity GOAT Charity \u00e4r ett projekt av GOAT Factory Group som engagerar m\u00e4nniskor i att bidra till ett mer h\u00e4lsosamt och medm\u00e4nskligt samh\u00e4lle. V\u00e5r utg\u00e5ngspunkt \u00e4r att h\u00e4lsa ska vara effektiv, l\u00e4ttillg\u00e4nglig och m\u00f6jlig f\u00f6r alla \u2013 oavsett &hellip; <a href=\"https:\/\/goatfactorygroup.com\/sv\/goat-charity\/\">Read More<\/a><\/p>\n","protected":false},"author":1,"featured_media":1342,"parent":0,"menu_order":2,"comment_status":"closed","ping_status":"closed","template":"","meta":{"_monsterinsights_skip_tracking":false,"_monsterinsights_sitenote_active":false,"_monsterinsights_sitenote_note":"","_monsterinsights_sitenote_category":0,"footnotes":""},"class_list":["post-9247","page","type-page","status-publish","has-post-thumbnail","hentry"],"_links":{"self":[{"href":"https:\/\/goatfactorygroup.com\/sv\/wp-json\/wp\/v2\/pages\/9247","targetHints":{"allow":["GET"]}}],"collection":[{"href":"https:\/\/goatfactorygroup.com\/sv\/wp-json\/wp\/v2\/pages"}],"about":[{"href":"https:\/\/goatfactorygroup.com\/sv\/wp-json\/wp\/v2\/types\/page"}],"author":[{"embeddable":true,"href":"https:\/\/goatfactorygroup.com\/sv\/wp-json\/wp\/v2\/users\/1"}],"replies":[{"embeddable":true,"href":"https:\/\/goatfactorygroup.com\/sv\/wp-json\/wp\/v2\/comments?post=9247"}],"version-history":[{"count":2,"href":"https:\/\/goatfactorygroup.com\/sv\/wp-json\/wp\/v2\/pages\/9247\/revisions"}],"predecessor-version":[{"id":9257,"href":"https:\/\/goatfactorygroup.com\/sv\/wp-json\/wp\/v2\/pages\/9247\/revisions\/9257"}],"wp:featuredmedia":[{"embeddable":true,"href":"https:\/\/goatfactorygroup.com\/sv\/wp-json\/wp\/v2\/media\/1342"}],"wp:attachment":[{"href":"https:\/\/goatfactorygroup.com\/sv\/wp-json\/wp\/v2\/media?parent=9247"}],"curies":[{"name":"wp","href":"https:\/\/api.w.org\/{rel}","templated":true}]}}